{"id":783,"date":"2017-03-28T14:22:33","date_gmt":"2017-03-28T14:22:33","guid":{"rendered":"https:\/\/esadvocacia.com\/site\/?page_id=2"},"modified":"2025-10-10T03:09:42","modified_gmt":"2025-10-10T03:09:42","slug":"home","status":"publish","type":"page","link":"https:\/\/esadvocacia.com\/site\/","title":{"rendered":"Home"},"content":{"rendered":"<p>[vc_row full_width=&#8221;stretch_row_content_no_spaces&#8221;][vc_column]\n\t\t\t<!-- START Home 1 REVOLUTION SLIDER 6.4.6 --><p class=\"rs-p-wp-fix\"><\/p>\n\t\t\t<rs-module-wrap id=\"rev_slider_1_1_wrapper\" data-source=\"gallery\" style=\"background:transparent;padding:0;margin:0px auto;margin-top:0;margin-bottom:0;max-width:;\">\n\t\t\t\t<rs-module id=\"rev_slider_1_1\" style=\"\" data-version=\"6.4.6\">\n\t\t\t\t\t<rs-slides>\n\t\t\t\t\t\t<rs-slide data-key=\"rs-1\" data-title=\"01\" data-anim=\"ms:600;\" data-in=\"o:0;\" data-out=\"a:false;\">\n\t\t\t\t\t\t\t<img fetchpriority=\"high\" decoding=\"async\" src=\"\/\/esadvocacia.com\/site\/wp-content\/uploads\/2021\/07\/banner-1.jpg\" title=\"Business lawyer is currently counseling the client&#8217;s trial at th\" width=\"1920\" height=\"1179\" class=\"rev-slidebg tp-rs-img\" data-no-retina>\n<!--\n\t\t\t\t\t\t\t--><rs-layer\n\t\t\t\t\t\t\t\tid=\"slider-1-slide-1-layer-1\" \n\t\t\t\t\t\t\t\tdata-type=\"text\"\n\t\t\t\t\t\t\t\tdata-color=\"#2f3192||#e22020||#e22020||#e22020\"\n\t\t\t\t\t\t\t\tdata-rsp_ch=\"on\"\n\t\t\t\t\t\t\t\tdata-xy=\"x:r;xo:333px,20px,30px,20px;y:m;yo:-152px,-180px,-180px,-220px;\"\n\t\t\t\t\t\t\t\tdata-text=\"s:14,14,14,16;l:30;ls:3px;fw:600,400,400,400;a:inherit;\"\n\t\t\t\t\t\t\t\tdata-frame_0=\"y:50px;blu:10px;\"\n\t\t\t\t\t\t\t\tdata-frame_1=\"st:700;sp:1500;sR:700;\"\n\t\t\t\t\t\t\t\tdata-frame_999=\"o:0;st:w;sR:6800;\"\n\t\t\t\t\t\t\t\tstyle=\"z-index:5;font-family:Montserrat;text-transform:uppercase;\"\n\t\t\t\t\t\t\t>ES ADVOCACIA \n\t\t\t\t\t\t\t<\/rs-layer><!--\n\n\t\t\t\t\t\t\t--><rs-layer\n\t\t\t\t\t\t\t\tid=\"slider-1-slide-1-layer-2\" \n\t\t\t\t\t\t\t\tdata-type=\"text\"\n\t\t\t\t\t\t\t\tdata-color=\"#141724\"\n\t\t\t\t\t\t\t\tdata-rsp_ch=\"on\"\n\t\t\t\t\t\t\t\tdata-xy=\"x:r;xo:80px,20px,30px,20px;y:m;yo:-32px,-30px,-30px,-35px;\"\n\t\t\t\t\t\t\t\tdata-text=\"s:65,65,65,45;l:82,65,65,50;ls:-3px,-2px,-2px,-2px;fw:600;a:center,right,right,right;\"\n\t\t\t\t\t\t\t\tdata-frame_0=\"y:50px;blu:10px;\"\n\t\t\t\t\t\t\t\tdata-frame_1=\"st:1100;sp:1500;sR:1100;\"\n\t\t\t\t\t\t\t\tdata-frame_999=\"o:0;st:w;sR:6400;\"\n\t\t\t\t\t\t\t\tstyle=\"z-index:7;font-family:Cormorant;text-transform:uppercase;\"\n\t\t\t\t\t\t\t>Blindagem jur\u00eddica <br>para empresas   \n\t\t\t\t\t\t\t<\/rs-layer><!--\n\n\t\t\t\t\t\t\t--><rs-layer\n\t\t\t\t\t\t\t\tid=\"slider-1-slide-1-layer-3\" \n\t\t\t\t\t\t\t\tdata-type=\"text\"\n\t\t\t\t\t\t\t\tdata-color=\"#0c0b0b||#525659||#525659||#525659\"\n\t\t\t\t\t\t\t\tdata-rsp_ch=\"on\"\n\t\t\t\t\t\t\t\tdata-xy=\"x:c,r,r,r;xo:201px,20px,30px,20px;y:m;yo:115px,80px,80px,85px;\"\n\t\t\t\t\t\t\t\tdata-text=\"w:nowrap,nowrap,nowrap,normal;s:20,20,20,24;l:130,30,30,34;fw:500,200,200,400;a:center,right,right,right;\"\n\t\t\t\t\t\t\t\tdata-dim=\"w:auto,auto,auto,400px;\"\n\t\t\t\t\t\t\t\tdata-frame_0=\"y:50px;blu:10px;\"\n\t\t\t\t\t\t\t\tdata-frame_1=\"st:1300;sp:1500;sR:1300;\"\n\t\t\t\t\t\t\t\tdata-frame_999=\"o:0;st:w;sR:6200;\"\n\t\t\t\t\t\t\t\tstyle=\"z-index:8;font-family:Montserrat;\"\n\t\t\t\t\t\t\t>Seu parceiro jur\u00eddico para solu\u00e7\u00f5es empresariais seguras e eficientes. \n\t\t\t\t\t\t\t<\/rs-layer><!--\n-->\t\t\t\t\t\t<\/rs-slide>\n\t\t\t\t\t<\/rs-slides>\n\t\t\t\t<\/rs-module>\n\t\t\t\t<script type=\"text\/javascript\">\n\t\t\t\t\tsetREVStartSize({c: 'rev_slider_1_1',rl:[1240,1024,778,480],el:[500,768,800,900],gw:[1170,1024,778,480],gh:[500,500,800,900],type:'standard',justify:'',layout:'fullwidth',mh:\"0\"});\n\t\t\t\t\tvar\trevapi1,\n\t\t\t\t\t\ttpj;\n\t\t\t\t\tfunction revinit_revslider11() {\n\t\t\t\t\tjQuery(function() {\n\t\t\t\t\t\ttpj = jQuery;\n\t\t\t\t\t\trevapi1 = tpj(\"#rev_slider_1_1\");\n\t\t\t\t\t\tif(revapi1==undefined || revapi1.revolution == undefined){\n\t\t\t\t\t\t\trevslider_showDoubleJqueryError(\"rev_slider_1_1\");\n\t\t\t\t\t\t}else{\n\t\t\t\t\t\t\trevapi1.revolution({\n\t\t\t\t\t\t\t\tDPR:\"dpr\",\n\t\t\t\t\t\t\t\tvisibilityLevels:\"1240,1024,778,480\",\n\t\t\t\t\t\t\t\tgridwidth:\"1170,1024,778,480\",\n\t\t\t\t\t\t\t\tgridheight:\"500,500,800,900\",\n\t\t\t\t\t\t\t\tspinner:\"spinner0\",\n\t\t\t\t\t\t\t\tperspective:600,\n\t\t\t\t\t\t\t\tperspectiveType:\"local\",\n\t\t\t\t\t\t\t\teditorheight:\"500,768,800,900\",\n\t\t\t\t\t\t\t\tresponsiveLevels:\"1240,1024,778,480\",\n\t\t\t\t\t\t\t\tprogressBar:{disableProgressBar:true},\n\t\t\t\t\t\t\t\tfallbacks: {\n\t\t\t\t\t\t\t\t\tallowHTML5AutoPlayOnAndroid:true\n\t\t\t\t\t\t\t\t},\n\t\t\t\t\t\t\t});\n\t\t\t\t\t\t}\n\t\t\t\t\t\t\n\t\t\t\t\t});\n\t\t\t\t\t} \/\/ End of RevInitScript\n\t\t\t\tvar once_revslider11 = false;\n\t\t\t\tif (document.readyState === \"loading\") {document.addEventListener('readystatechange',function() { if((document.readyState === \"interactive\" || document.readyState === \"complete\") && !once_revslider11 ) { once_revslider11 = true; revinit_revslider11();}});} else {once_revslider11 = true; revinit_revslider11();}\n\t\t\t\t<\/script>\n\t\t\t<\/rs-module-wrap>\n\t\t\t<!-- END REVOLUTION SLIDER -->\n[\/vc_column][\/vc_row][vc_row][vc_column]<div id=\"sc_background_1310056768_wrap\" class=\"sc_background_wrap\"><div id=\"sc_background_1310056768\"\n\t\t\tclass=\"sc_background sc_background_default\" style=\"color:#f8f8f8;top:1.03em;right:0px;left:0px;\">BEM VINDO<\/div><\/div><!-- \/.sc_background_wrap -->[vc_single_image image=&#8221;1457&#8243; img_size=&#8221;54&#215;54&#8243; alignment=&#8221;center&#8221; css=&#8221;.vc_custom_1626052800158{margin-bottom: 7px !important;}&#8221;][vc_empty_space height=&#8221;1.6em&#8221; alter_height=&#8221;none&#8221; hide_on_mobile=&#8221;&#8221;]<div id=\"sc_title_1820579147\"\n\t\tclass=\"sc_title color_style_default sc_title_default\"><h2 class=\"sc_item_title sc_title_title sc_align_center sc_item_title_style_default sc_item_title_tag\">TEMOS A EXPERI\u00caNCIA E A CONFIAN\u00c7A QUE PROCURA.<\/h2><\/div><!-- \/.sc_title --><div  id=\"sc_promo_1239744043\" \n\tclass=\"sc_promo color_style_default sc_promo_default sc_promo_size_normal sc_promo_no_paddings sc_promo_image_position_left\"><div class=\"sc_promo_image\" style=\"background-color:#e12021;background-image:url(https:\/\/esadvocacia.com\/site\/wp-content\/uploads\/2021\/07\/imagem-2-pagina-principal-advogado-em-taboao-da-serra.jpg);width:55%;height:390px;left: 0;\"><\/div><div class=\"sc_promo_text sc_float_left\" style=\"width: 45%;float: right;\">\n\t\t\t<div class=\"sc_promo_text_inner sc_align_left sc_content_width_45%\" style=\" margin:16em 0 0 -30em;display: block;\"><h4 class=\"sc_item_title sc_promo_title sc_align_right sc_item_title_style_default sc_item_title_tag\">SOBRE N\u00d3S<\/h4><div class=\"sc_item_descr sc_promo_descr sc_align_right\"><p><span class=\"trx_addons_dropcap trx_addons_dropcap_style_1\"> ES<\/span>Advocacia. Somos especialistas em Direito Empresarial. Atuamos para blindar seu neg\u00f3cio com estrat\u00e9gias preventivas, consultoria assertiva e solu\u00e7\u00f5es jur\u00eddicas sob medida \u2014 permitindo que voc\u00ea foque no crescimento da sua empresa.<\/p>\n<\/div><div class=\"sc_promo_content sc_item_content\"><div id=\"sc_background_1246143188_wrap\" class=\"sc_background_wrap\"><div id=\"sc_background_1246143188\"\n\t\t\tclass=\"sc_background sc_background_default\" style=\"color:#f8f8f8;right:-0.15em;bottom:0.3em;\">01<\/div><\/div><!-- \/.sc_background_wrap --><div class=\"sc_item_button sc_button_wrap sc_align_left\"><a href=\"https:\/\/esadvocacia.com\/site\/sobre-nos\/\" id=\"sc_button_1155989573\" class=\"sc_button color_style_default sc_button_default sc_button_size_normal sc_button_icon_left\"><span class=\"sc_button_text sc_align_right\"><span class=\"sc_button_title\">Saiba mais<span class=\"trx_addons_icon-arrow\"><\/span><\/span><\/span><!-- \/.sc_button_text --><\/a><!-- \/.sc_button --><\/div><!-- \/.sc_item_button --><\/div><\/div>\n\t\t<\/div><!-- \/.sc_promo_text --><\/div><!-- \/.sc_promo -->[vc_empty_space height=&#8221;7.4em&#8221; alter_height=&#8221;none&#8221; hide_on_mobile=&#8221;&#8221;][\/vc_column][\/vc_row][vc_row full_width=&#8221;stretch_row_content_no_spaces&#8221; equal_height=&#8221;yes&#8221; content_placement=&#8221;middle&#8221;][vc_column width=&#8221;1\/2&#8243; css=&#8221;.vc_custom_1497958013264{background-color: #f8f8f8 !important;}&#8221; offset=&#8221;vc_col-lg-6 vc_col-md-12&#8243;]<div id=\"sc_content_1588855012\"\n\t\tclass=\"sc_content color_style_default sc_content_default sc_float_center sc_padding_tiny sc_margin_large\"><div class=\"sc_content_container\"><div id=\"sc_background_2029579310_wrap\" class=\"sc_background_wrap\"><div id=\"sc_background_2029579310\"\n\t\t\tclass=\"sc_background sc_background_default\" style=\"color:#ffffff;right:6%;bottom:30px;\">02<\/div><\/div><!-- \/.sc_background_wrap -->[vc_column_text]<\/p>\n<h2><a href=\"\/about-company\/\">Nossos servi\u00e7os<br \/>\n<\/a><\/h2>\n<p>[\/vc_column_text][vc_empty_space height=&#8221;3.5em&#8221; alter_height=&#8221;none&#8221; hide_on_mobile=&#8221;&#8221;][vc_column_text]<\/p>\n<ul>\n<li>Revis\u00e3o tribut\u00e1ria<\/li>\n<li>Planejamento tribut\u00e1rio<\/li>\n<li>Assessoria em execu\u00e7\u00f5es fiscais<\/li>\n<li>Preven\u00e7\u00e3o de passivo trabalhista<\/li>\n<li>Adequa\u00e7\u00e3o a LGPD (lei geral de prote\u00e7\u00e3o de dados)<\/li>\n<li>Orienta\u00e7\u00e3o em mat\u00e9ria contratual<\/li>\n<li>Recupera\u00e7\u00e3o judicial<\/li>\n<li>Direito societ\u00e1rio<\/li>\n<li>Planejamento sucess\u00f3rio<\/li>\n<\/ul>\n<p>[\/vc_column_text][vc_empty_space height=&#8221;1em&#8221; alter_height=&#8221;none&#8221; hide_on_mobile=&#8221;&#8221;]<\/div><\/div><!-- \/.sc_content -->[\/vc_column][vc_column width=&#8221;1\/2&#8243; offset=&#8221;vc_col-lg-6 vc_col-md-12&#8243; css=&#8221;.vc_custom_1626219386031{background-image: url(https:\/\/esadvocacia.com\/site\/wp-content\/uploads\/2021\/07\/111.jpg?id=1481) !important;background-position: center !important;background-repeat: no-repeat !important;background-size: cover !important;}&#8221;][\/vc_column][\/vc_row][vc_row full_width=&#8221;stretch_row&#8221; content_placement=&#8221;middle&#8221; css=&#8221;.vc_custom_1626140076263{background-image: url(https:\/\/esadvocacia.com\/site\/wp-content\/uploads\/2021\/07\/servicos-de-advocacia-em-taboao-da-serra.jpg?id=1470) !important;background-position: center !important;background-repeat: no-repeat !important;background-size: cover !important;}&#8221; el_class=&#8221;custom_row_1&#8243;][vc_column width=&#8221;1\/2&#8243;][\/vc_column][vc_column width=&#8221;1\/2&#8243;][vc_empty_space height=&#8221;11.5em&#8221; alter_height=&#8221;none&#8221; hide_on_mobile=&#8221;&#8221;]<div id=\"sc_background_1138248549_wrap\" class=\"sc_background_wrap\"><div id=\"sc_background_1138248549\"\n\t\t\tclass=\"sc_background sc_background_default\" style=\"color:#f8f8f8;top:0.42em;right:0px;\">03<\/div><\/div><!-- \/.sc_background_wrap --><div id=\"sc_services_486675096\" class=\"sc_services color_style_default sc_services_light sc_services_featured_left\"><h3 class=\"sc_item_title sc_services_title sc_align_left sc_item_title_style_default\">Estrat\u00e9gias sob medida para sua empresa<\/h3><div class=\"sc_services_columns_wrap sc_item_columns sc_item_columns_2 trx_addons_columns_wrap columns_padding_bottom\"><div class=\"trx_addons_column-1_2\"><div class=\"sc_services_item with_content with_number sc_services_item_featured_left\">\n\t<span class=\"sc_services_item_number\">01<\/span>\t\n\t<div class=\"sc_services_item_info\">\n\t\t<div class=\"sc_services_item_header\">\n\t\t\t\t\t\t<h4 class=\"sc_services_item_title\"><a href=\"https:\/\/esadvocacia.com\/site\/services\/planejamento-tributario\/\">Otimize sua Carga Tribut\u00e1ria e Maximize seus Lucros<\/a><\/h4>\n\t\t\t<div class=\"sc_services_item_subtitle\"><a href=\"https:\/\/esadvocacia.com\/site\/services_group\/servicos\/\" title=\"View all posts in Servi\u00e7os\">Servi\u00e7os<\/a><\/div>\t\t<\/div>\n\t\t\t\t\t<div class=\"sc_services_item_content\"><ul class=\"trx_addons_list_custom\">\n<li>Redu\u00e7\u00e3o de custos e maximiza\u00e7\u00e3o de lucros com planejamento tribut\u00e1rio inteligente, seguro e adaptado ao seu segmento.<\/li>\n<\/div>\n\t\t\t<div class=\"sc_services_item_button sc_item_button\"><a href=\"https:\/\/esadvocacia.com\/site\/services\/planejamento-tributario\/\" class=\"sc_button sc_button_simple\">Continue reading<\/a><\/div>\n\t\t\t<\/div>\n<\/div>\n<\/div><div class=\"trx_addons_column-1_2\"><div class=\"sc_services_item with_content with_number sc_services_item_featured_left\">\n\t<span class=\"sc_services_item_number\">02<\/span>\t\n\t<div class=\"sc_services_item_info\">\n\t\t<div class=\"sc_services_item_header\">\n\t\t\t\t\t\t<h4 class=\"sc_services_item_title\"><a href=\"https:\/\/esadvocacia.com\/site\/services\/assessoria-em-execucoes-fiscais\/\">Assessoria em execu\u00e7\u00f5es fiscais<\/a><\/h4>\n\t\t\t<div class=\"sc_services_item_subtitle\"><a href=\"https:\/\/esadvocacia.com\/site\/services_group\/servicos\/\" title=\"View all posts in Servi\u00e7os\">Servi\u00e7os<\/a><\/div>\t\t<\/div>\n\t\t\t\t\t<div class=\"sc_services_item_content\"><ul class=\"trx_addons_list_custom\">\n<li>Evite surpresas e defenda sua empresa de execu\u00e7\u00f5es fiscais com acompanhamento especializado desde a origem do d\u00e9bito \u00e0 solu\u00e7\u00e3o definitiva<\/li>\n<\/div>\n\t\t\t<div class=\"sc_services_item_button sc_item_button\"><a href=\"https:\/\/esadvocacia.com\/site\/services\/assessoria-em-execucoes-fiscais\/\" class=\"sc_button sc_button_simple\">Continue reading<\/a><\/div>\n\t\t\t<\/div>\n<\/div>\n<\/div><div class=\"trx_addons_column-1_2\"><div class=\"sc_services_item with_content with_number sc_services_item_featured_left\">\n\t<span class=\"sc_services_item_number\">03<\/span>\t\n\t<div class=\"sc_services_item_info\">\n\t\t<div class=\"sc_services_item_header\">\n\t\t\t\t\t\t<h4 class=\"sc_services_item_title\"><a href=\"https:\/\/esadvocacia.com\/site\/services\/prevencao-de-passivo-trabalhista\/\">Preven\u00e7\u00e3o de passivo trabalhista<\/a><\/h4>\n\t\t\t<div class=\"sc_services_item_subtitle\"><a href=\"https:\/\/esadvocacia.com\/site\/services_group\/servicos\/\" title=\"View all posts in Servi\u00e7os\">Servi\u00e7os<\/a><\/div>\t\t<\/div>\n\t\t\t\t\t<div class=\"sc_services_item_content\"><ul class=\"trx_addons_list_custom\">\n<li>Minimize riscos e reduza passivos trabalhistas com pol\u00edticas e pr\u00e1ticas orientadas por profissionais experientes.<\/li>\n<\/ul>\n<\/div>\n\t\t\t<div class=\"sc_services_item_button sc_item_button\"><a href=\"https:\/\/esadvocacia.com\/site\/services\/prevencao-de-passivo-trabalhista\/\" class=\"sc_button sc_button_simple\">Continue reading<\/a><\/div>\n\t\t\t<\/div>\n<\/div>\n<\/div><div class=\"trx_addons_column-1_2\"><div class=\"sc_services_item with_content with_number sc_services_item_featured_left\">\n\t<span class=\"sc_services_item_number\">04<\/span>\t\n\t<div class=\"sc_services_item_info\">\n\t\t<div class=\"sc_services_item_header\">\n\t\t\t\t\t\t<h4 class=\"sc_services_item_title\"><a href=\"https:\/\/esadvocacia.com\/site\/services\/orientacao-em-materia-contratual\/\">OTIMIZE SUA GEST\u00c3O CONTRATUAL E EVITE PROBLEMAS JUR\u00cdDICOS<\/a><\/h4>\n\t\t\t<div class=\"sc_services_item_subtitle\"><a href=\"https:\/\/esadvocacia.com\/site\/services_group\/servicos\/\" title=\"View all posts in Servi\u00e7os\">Servi\u00e7os<\/a><\/div>\t\t<\/div>\n\t\t\t\t\t<div class=\"sc_services_item_content\"><ul class=\"trx_addons_list_custom\">\n<li>Somente um contrato elaborado por uma equipe especializada e competente \u00e9 capaz de garantir a seguran\u00e7a de que sua negocia\u00e7\u00e3o precisa.<\/li>\n<\/ul>\n<\/div>\n\t\t\t<div class=\"sc_services_item_button sc_item_button\"><a href=\"https:\/\/esadvocacia.com\/site\/services\/orientacao-em-materia-contratual\/\" class=\"sc_button sc_button_simple\">Continue reading<\/a><\/div>\n\t\t\t<\/div>\n<\/div>\n<\/div><div class=\"trx_addons_column-1_2\"><div class=\"sc_services_item with_content with_number sc_services_item_featured_left\">\n\t<span class=\"sc_services_item_number\">05<\/span>\t\n\t<div class=\"sc_services_item_info\">\n\t\t<div class=\"sc_services_item_header\">\n\t\t\t\t\t\t<h4 class=\"sc_services_item_title\"><a href=\"https:\/\/esadvocacia.com\/site\/services\/recupere-tributos-pagos-indevidamente-e-aprimore-sua-saude-financeira-empresarial\/\">Recupere Tributos Pagos Indevidamente e Aprimore sua Sa\u00fade Financeira Empresarial<\/a><\/h4>\n\t\t\t<div class=\"sc_services_item_subtitle\"><a href=\"https:\/\/esadvocacia.com\/site\/services_group\/servicos\/\" title=\"View all posts in Servi\u00e7os\">Servi\u00e7os<\/a><\/div>\t\t<\/div>\n\t\t\t\t\t<div class=\"sc_services_item_content\"><p>Recupere valores pagos al\u00e9m do necess\u00e1rio por sua empresa e aprimore a sa\u00fade financeira do seu neg\u00f3cio.<\/p>\n<\/div>\n\t\t\t<div class=\"sc_services_item_button sc_item_button\"><a href=\"https:\/\/esadvocacia.com\/site\/services\/recupere-tributos-pagos-indevidamente-e-aprimore-sua-saude-financeira-empresarial\/\" class=\"sc_button sc_button_simple\">Continue reading<\/a><\/div>\n\t\t\t<\/div>\n<\/div>\n<\/div><\/div><\/div><!-- \/.sc_services -->[vc_empty_space height=&#8221;7.3em&#8221; alter_height=&#8221;none&#8221; hide_on_mobile=&#8221;&#8221;][\/vc_column][\/vc_row][vc_row full_width=&#8221;stretch_row_content_no_spaces&#8221; css=&#8221;.vc_custom_1491561095601{margin-right: 0px !important;margin-left: 0px !important;background-image: url() !important;background-position: 0 0 !important;background-repeat: repeat !important;}&#8221;][vc_column]<div  id=\"sc_action_313692770\" \n\tclass=\"sc_action color_style_default sc_action_default\"><div class=\"sc_action_content sc_item_content\"><div class=\"sc_action_item sc_action_item_default with_image sc_action_item_mc\" style=\"background-image:url(https:\/\/esadvocacia.com\/site\/wp-content\/uploads\/2017\/04\/action_bg.jpg);\">\n\t\t\t\t\t\t\t<div class=\"sc_action_item_mask\"><\/div>\n\t\t\t\t<div class=\"sc_action_item_inner\">\n\t\t\t\t<h3 class=\"sc_action_item_title\"><span>Preven\u00e7\u00e3o e excel\u00eancia para a tranquilidade jur\u00eddica do seu neg\u00f3cio.<\/span><\/h3><h6 class=\"sc_action_item_subtitle\"><span> <\/span><\/h6><a href=\"https:\/\/wa.me\/5511988480665\" class=\"sc_action_item_link sc_button_icon_left\"><div class=\"sc_button_title\"> Entre em contato<span class=\"trx_addons_icon-arrow\"><\/span><\/div><\/a><\/div><!-- \/.sc_action_item_inner --><\/div><\/div><\/div><!-- \/.sc_action -->[\/vc_column][\/vc_row]<\/p>\n","protected":false},"excerpt":{"rendered":"<p>[vc_row full_width=&#8221;stretch_row_content_no_spaces&#8221;][vc_column][\/vc_column][\/vc_row][vc_row][vc_column][vc_single_image image=&#8221;1457&#8243; img_size=&#8221;54&#215;54&#8243; alignment=&#8221;center&#8221; css=&#8221;.vc_custom_1626052800158{margin-bottom: 7px !important;}&#8221;][vc_empty_space height=&#8221;1.6em&#8221; alter_height=&#8221;none&#8221; hide_on_mobile=&#8221;&#8221;][vc_empty_space height=&#8221;7.4em&#8221; alter_height=&#8221;none&#8221; hide_on_mobile=&#8221;&#8221;][\/vc_column][\/vc_row][vc_row full_width=&#8221;stretch_row_content_no_spaces&#8221; equal_height=&#8221;yes&#8221; content_placement=&#8221;middle&#8221;][vc_column width=&#8221;1\/2&#8243; css=&#8221;.vc_custom_1497958013264{background-color: #f8f8f8 !important;}&#8221; offset=&#8221;vc_col-lg-6 vc_col-md-12&#8243;][\/vc_column][vc_column width=&#8221;1\/2&#8243; offset=&#8221;vc_col-lg-6 vc_col-md-12&#8243; css=&#8221;.vc_custom_1626219386031{background-image: url(https:\/\/esadvocacia.com\/site\/wp-content\/uploads\/2021\/07\/111.jpg?id=1481) !important;background-position: center !important;background-repeat: no-repeat !important;background-size: cover !important;}&#8221;][\/vc_column][\/vc_row][vc_row full_width=&#8221;stretch_row&#8221; content_placement=&#8221;middle&#8221; css=&#8221;.vc_custom_1626140076263{background-image: url(https:\/\/esadvocacia.com\/site\/wp-content\/uploads\/2021\/07\/servicos-de-advocacia-em-taboao-da-serra.jpg?id=1470) !important;background-position: center !important;background-repeat: no-repeat !important;background-size: cover !important;}&#8221; el_class=&#8221;custom_row_1&#8243;][vc_column width=&#8221;1\/2&#8243;][\/vc_column][vc_column width=&#8221;1\/2&#8243;][vc_empty_space height=&#8221;11.5em&#8221; alter_height=&#8221;none&#8221; hide_on_mobile=&#8221;&#8221;][vc_empty_space height=&#8221;7.3em&#8221; alter_height=&#8221;none&#8221; hide_on_mobile=&#8221;&#8221;][\/vc_column][\/vc_row][vc_row full_width=&#8221;stretch_row_content_no_spaces&#8221; css=&#8221;.vc_custom_1491561095601{margin-right: 0px !important;margin-left: 0px&hellip;<\/p>\n","protected":false},"author":2,"featured_media":0,"parent":0,"menu_order":0,"comment_status":"closed","ping_status":"closed","template":"","meta":{"footnotes":""},"class_list":["post-783","page","type-page","status-publish","hentry"],"_links":{"self":[{"href":"https:\/\/esadvocacia.com\/site\/wp-json\/wp\/v2\/pages\/783","targetHints":{"allow":["GET"]}}],"collection":[{"href":"https:\/\/esadvocacia.com\/site\/wp-json\/wp\/v2\/pages"}],"about":[{"href":"https:\/\/esadvocacia.com\/site\/wp-json\/wp\/v2\/types\/page"}],"author":[{"embeddable":true,"href":"https:\/\/esadvocacia.com\/site\/wp-json\/wp\/v2\/users\/2"}],"replies":[{"embeddable":true,"href":"https:\/\/esadvocacia.com\/site\/wp-json\/wp\/v2\/comments?post=783"}],"version-history":[{"count":26,"href":"https:\/\/esadvocacia.com\/site\/wp-json\/wp\/v2\/pages\/783\/revisions"}],"predecessor-version":[{"id":1771,"href":"https:\/\/esadvocacia.com\/site\/wp-json\/wp\/v2\/pages\/783\/revisions\/1771"}],"wp:attachment":[{"href":"https:\/\/esadvocacia.com\/site\/wp-json\/wp\/v2\/media?parent=783"}],"curies":[{"name":"wp","href":"https:\/\/api.w.org\/{rel}","templated":true}]}}