{"id":64,"date":"2017-04-06T12:52:00","date_gmt":"2017-04-06T12:52:00","guid":{"rendered":"https:\/\/esadvocacia.com\/site\/?page_id=64"},"modified":"2025-10-10T03:01:46","modified_gmt":"2025-10-10T03:01:46","slug":"sobre-nos","status":"publish","type":"page","link":"https:\/\/esadvocacia.com\/site\/sobre-nos\/","title":{"rendered":"Sobre n\u00f3s"},"content":{"rendered":"<p>[vc_row][vc_column]<div id=\"sc_background_344730407_wrap\" class=\"sc_background_wrap\"><div id=\"sc_background_344730407\"\n\t\t\tclass=\"sc_background sc_background_default\" style=\"color:#f8f8f8;top:0.54em;\">ES ADV<\/div><\/div><!-- \/.sc_background_wrap --><div id=\"sc_title_1718866474\"\n\t\tclass=\"sc_title color_style_default sc_title_default\"><h2 class=\"sc_item_title sc_title_title sc_align_left sc_item_title_style_default sc_item_title_tag\">Quem somos?<\/h2><\/div><!-- \/.sc_title -->[vc_empty_space height=&#8221;1.3em&#8221; alter_height=&#8221;none&#8221; hide_on_mobile=&#8221;&#8221;][\/vc_column][\/vc_row][vc_row][vc_column][vc_column_text]<span class=\"trx_addons_dropcap trx_addons_dropcap_style_1\">ES<\/span> Advocacia \u00e9 uma firma focada no atendimento ao cliente empresarial, oferecemos todo suporte jur\u00eddico necess\u00e1rio ao bom desenvolvimento e manuten\u00e7\u00e3o das atividades empresariais de nossos clientes, para tal oferecemos um completo portf\u00f3lio de servi\u00e7os na \u00e1rea tribut\u00e1ria bem como na preven\u00e7\u00e3o de passivo judici\u00e1rio atrav\u00e9s do trabalho consultivo.[\/vc_column_text][\/vc_column][\/vc_row][vc_row][vc_column][vc_empty_space height=&#8221;8em&#8221; alter_height=&#8221;none&#8221; hide_on_mobile=&#8221;&#8221;]<div  id=\"sc_promo_35912932\" \n\tclass=\"sc_promo color_style_default sc_promo_default sc_promo_size_normal sc_promo_no_paddings sc_promo_image_position_left\"><div class=\"sc_promo_image\" style=\"background-color:#e12021;background-image:url(https:\/\/esadvocacia.com\/site\/wp-content\/uploads\/2021\/07\/imagem-2-pagina-principal-advogado-em-taboao-da-serra.jpg);width:75%;height:390px;left: 0;\"><\/div><div class=\"sc_promo_text\" style=\"width: 25%;float: right;\">\n\t\t\t<div class=\"sc_promo_text_inner sc_content_width_25%\" style=\" margin:16em 0 0 -20em;display: block;\"><div class=\"sc_item_descr sc_promo_descr sc_align_left\"><p><span class=\"trx_addons_dropcap trx_addons_dropcap_style_1\">N<\/span>ossa miss\u00e3o \u00e9 oferecer as empresas solu\u00e7\u00f5es jur\u00eddicas que venham a impactar positivamente em todo desenvolvimento das atividades empresariais, oferecendo seguran\u00e7a jur\u00eddica, transpar\u00eancia e confiabilidade em todos os servi\u00e7os prestados.<br \/>\nSomos a parceria ideal para quem busca seguran\u00e7a jur\u00eddica, preven\u00e7\u00e3o de passivos e planejamento estrat\u00e9gico tribut\u00e1rio, junte-se a mais moderna firma jur\u00eddica do Brasil, seja mais um parceiro da ES advocacia.<\/p>\n<\/div><div class=\"sc_item_button sc_item_button_simple sc_promo_button sc_align_left sc_button_wrap sc_align_left\"><a href=\"https:\/\/esadvocacia.com\/site\/index.php\/contato\/\" id=\"sc_button_1164451716\" class=\"sc_button color_style_default sc_button_simple sc_button_size_normal sc_button_icon_left\"><span class=\"sc_button_text\"><span class=\"sc_button_title\">CONTATO<span class=\"trx_addons_icon-arrow\"><\/span><\/span><\/span><!-- \/.sc_button_text --><\/a><!-- \/.sc_button --><\/div><!-- \/.sc_item_button sc_item_button_simple sc_promo_button sc_align_left --><\/div>\n\t\t<\/div><!-- \/.sc_promo_text --><\/div><!-- \/.sc_promo -->[vc_empty_space height=&#8221;2em&#8221; alter_height=&#8221;none&#8221; hide_on_mobile=&#8221;&#8221;][\/vc_column][\/vc_row][vc_row full_width=&#8221;stretch_row_content_no_spaces&#8221; scheme=&#8221;dark&#8221; css=&#8221;.vc_custom_1626985695851{margin-right: 0px !important;margin-left: 0px !important;background-image: url(https:\/\/esadvocacia.com\/site\/wp-content\/uploads\/2017\/04\/bg-3.jpg?id=704) !important;background-position: center !important;background-repeat: no-repeat !important;background-size: cover !important;}&#8221;][vc_column][vc_empty_space height=&#8221;6.6em&#8221; alter_height=&#8221;none&#8221; hide_on_mobile=&#8221;&#8221;]<div id=\"sc_title_1858459863\"\n\t\tclass=\"sc_title color_style_default sc_title_default  vc_custom_1626224726810\"><h3 class=\"sc_item_title sc_title_title sc_align_center sc_item_title_style_default\">A defesa dos seus direitos \u00e9 cora\u00e7\u00e3o<br> da nossa pr\u00e1tica, coloque nossa experi\u00eancia e <br> energia para trabalhar pra voc\u00ea!<\/h3><\/div><!-- \/.sc_title -->[vc_column_text]<\/p>\n<p style=\"text-align: center;\"><dfn><span style=\"vertical-align: inherit;\"><span style=\"vertical-align: inherit;\">Consulte um advogado\u00a0\u00a0<\/span><\/span><\/dfn><\/p>\n<p>[\/vc_column_text][vc_empty_space height=&#8221;2.8em&#8221; alter_height=&#8221;none&#8221; hide_on_mobile=&#8221;&#8221;]<div class=\"sc_item_button sc_button_wrap sc_align_center\"><a href=\"https:\/\/wa.me\/5511988480665\" id=\"sc_button_299065815\" class=\"sc_button color_style_default sc_button_default sc_button_size_normal sc_button_icon_left\"><span class=\"sc_button_text\"><span class=\"sc_button_title\">Fale agora conosco<span class=\"trx_addons_icon-arrow\"><\/span><\/span><\/span><!-- \/.sc_button_text --><\/a><!-- \/.sc_button --><\/div><!-- \/.sc_item_button -->[vc_empty_space height=&#8221;6em&#8221; alter_height=&#8221;none&#8221; hide_on_mobile=&#8221;&#8221;][\/vc_column][\/vc_row]<\/p>\n","protected":false},"excerpt":{"rendered":"<p>[vc_row][vc_column][vc_empty_space height=&#8221;1.3em&#8221; alter_height=&#8221;none&#8221; hide_on_mobile=&#8221;&#8221;][\/vc_column][\/vc_row][vc_row][vc_column][vc_column_text]ES Advocacia \u00e9 uma firma focada no atendimento ao cliente empresarial, oferecemos todo suporte jur\u00eddico necess\u00e1rio ao bom desenvolvimento e manuten\u00e7\u00e3o das atividades empresariais de nossos clientes, para tal oferecemos um completo portf\u00f3lio de servi\u00e7os na \u00e1rea tribut\u00e1ria bem como na preven\u00e7\u00e3o de passivo judici\u00e1rio atrav\u00e9s do trabalho consultivo.[\/vc_column_text][\/vc_column][\/vc_row][vc_row][vc_column][vc_empty_space height=&#8221;8em&#8221; alter_height=&#8221;none&#8221; hide_on_mobile=&#8221;&#8221;][vc_empty_space height=&#8221;2em&#8221; alter_height=&#8221;none&#8221; hide_on_mobile=&#8221;&#8221;][\/vc_column][\/vc_row][vc_row full_width=&#8221;stretch_row_content_no_spaces&#8221; scheme=&#8221;dark&#8221;&hellip;<\/p>\n","protected":false},"author":2,"featured_media":0,"parent":0,"menu_order":0,"comment_status":"closed","ping_status":"closed","template":"","meta":{"footnotes":""},"class_list":["post-64","page","type-page","status-publish","hentry"],"_links":{"self":[{"href":"https:\/\/esadvocacia.com\/site\/wp-json\/wp\/v2\/pages\/64","targetHints":{"allow":["GET"]}}],"collection":[{"href":"https:\/\/esadvocacia.com\/site\/wp-json\/wp\/v2\/pages"}],"about":[{"href":"https:\/\/esadvocacia.com\/site\/wp-json\/wp\/v2\/types\/page"}],"author":[{"embeddable":true,"href":"https:\/\/esadvocacia.com\/site\/wp-json\/wp\/v2\/users\/2"}],"replies":[{"embeddable":true,"href":"https:\/\/esadvocacia.com\/site\/wp-json\/wp\/v2\/comments?post=64"}],"version-history":[{"count":12,"href":"https:\/\/esadvocacia.com\/site\/wp-json\/wp\/v2\/pages\/64\/revisions"}],"predecessor-version":[{"id":1770,"href":"https:\/\/esadvocacia.com\/site\/wp-json\/wp\/v2\/pages\/64\/revisions\/1770"}],"wp:attachment":[{"href":"https:\/\/esadvocacia.com\/site\/wp-json\/wp\/v2\/media?parent=64"}],"curies":[{"name":"wp","href":"https:\/\/api.w.org\/{rel}","templated":true}]}}