{"id":1717,"date":"2025-09-22T15:27:52","date_gmt":"2025-09-22T15:27:52","guid":{"rendered":"https:\/\/esadvocacia.com\/site\/?page_id=1717"},"modified":"2025-10-10T12:41:26","modified_gmt":"2025-10-10T12:41:26","slug":"servicos-advocacia","status":"publish","type":"page","link":"https:\/\/esadvocacia.com\/site\/servicos-advocacia\/","title":{"rendered":"Servicos advocacia"},"content":{"rendered":"<p>[vc_row content_placement=&#8221;top&#8221; css=&#8221;.vc_custom_1758559134527{padding-top: 0px !important;padding-bottom: 0px !important;}&#8221;][vc_column]<div id=\"sc_title_1089053206\"\n\t\tclass=\"sc_title color_style_default sc_title_default\"><h2 class=\"sc_item_title sc_title_title sc_align_left sc_item_title_style_default sc_item_title_tag\">Nossos Servi\u00e7os Especializados<\/h2><\/div><!-- \/.sc_title -->[\/vc_column][\/vc_row][vc_row equal_height=&#8221;yes&#8221; content_placement=&#8221;top&#8221;][vc_column width=&#8221;1\/5&#8243;][vc_icon icon_fontawesome=&#8221;fas fa-coins&#8221; color=&#8221;custom&#8221; size=&#8221;lg&#8221; custom_color=&#8221;#3e6198&#8243;][vc_custom_heading text=&#8221;Recupere Tributos Pagos Indevidamente&#8221; font_container=&#8221;tag:h4|text_align:left&#8221; use_theme_fonts=&#8221;yes&#8221;][vc_column_text]An\u00e1lise especializada dos tributos pagos pela sua empresa nos \u00faltimos 5 anos para identificar pagamentos indevidos e recuperar valores[\/vc_column_text][vc_empty_space height=&#8221;2em&#8221; alter_height=&#8221;none&#8221; hide_on_mobile=&#8221;&#8221;]<div class=\"sc_item_button sc_button_wrap sc_align_left\"><a href=\"https:\/\/esadvocacia.com\/site\/services\/recupere-tributos-pagos-indevidamente-e-aprimore-sua-saude-financeira-empresarial\/\" id=\"sc_button_1684640451\" class=\"sc_button color_style_default sc_button_simple sc_button_size_small sc_button_icon_left\"><span class=\"sc_button_text\"><span class=\"sc_button_title\">Saiba mais<span class=\"trx_addons_icon-arrow\"><\/span><\/span><\/span><!-- \/.sc_button_text --><\/a><!-- \/.sc_button --><\/div><!-- \/.sc_item_button -->[vc_empty_space height=&#8221;2em&#8221; alter_height=&#8221;none&#8221; hide_on_mobile=&#8221;&#8221;][vc_empty_space height=&#8221;20px&#8221; hide_on_mobile=&#8221;&#8221;][\/vc_column][vc_column width=&#8221;1\/5&#8243;][vc_icon icon_fontawesome=&#8221;fas fa-chart-line&#8221; color=&#8221;custom&#8221; size=&#8221;lg&#8221; custom_color=&#8221;#3e6198&#8243;][vc_custom_heading text=&#8221;Planejamento tribut\u00e1rio&#8221; font_container=&#8221;tag:h4|text_align:left&#8221; use_theme_fonts=&#8221;yes&#8221;][vc_column_text]Estrat\u00e9gias inteligentes para reduzir custos e maximizar lucros respeitando a legisla\u00e7\u00e3o, adaptadas ao seu segmento.[\/vc_column_text][vc_empty_space height=&#8221;2em&#8221; alter_height=&#8221;none&#8221; hide_on_mobile=&#8221;&#8221;]<div class=\"sc_item_button sc_button_wrap sc_align_left\"><a href=\"https:\/\/esadvocacia.com\/site\/services\/planejamento-tributario\/\" id=\"sc_button_63207094\" class=\"sc_button color_style_default sc_button_simple sc_button_size_small sc_button_icon_left\"><span class=\"sc_button_text\"><span class=\"sc_button_title\">Saiba mais<span class=\"trx_addons_icon-arrow\"><\/span><\/span><\/span><!-- \/.sc_button_text --><\/a><!-- \/.sc_button --><\/div><!-- \/.sc_item_button -->[vc_empty_space height=&#8221;2em&#8221; alter_height=&#8221;none&#8221; hide_on_mobile=&#8221;&#8221;][\/vc_column][vc_column width=&#8221;1\/5&#8243;][vc_icon icon_fontawesome=&#8221;fas fa-balance-scale&#8221; color=&#8221;custom&#8221; size=&#8221;lg&#8221; custom_color=&#8221;#3e6198&#8243;][vc_custom_heading text=&#8221;Assessoria em execu\u00e7\u00f5es fiscais&#8221; font_container=&#8221;tag:h4|text_align:left&#8221; use_theme_fonts=&#8221;yes&#8221;][vc_column_text]Acompanhamento completo em processos de execu\u00e7\u00f5es fiscais, atuando desde a defesa inicial at\u00e9 a negocia\u00e7\u00e3o da melhor solu\u00e7\u00e3o.[\/vc_column_text][vc_empty_space height=&#8221;2em&#8221; alter_height=&#8221;none&#8221; hide_on_mobile=&#8221;&#8221;]<div class=\"sc_item_button sc_button_wrap sc_align_left\"><a href=\"https:\/\/esadvocacia.com\/site\/services\/assessoria-em-execucoes-fiscais\/\" id=\"sc_button_976485628\" class=\"sc_button color_style_default sc_button_simple sc_button_size_small sc_button_icon_left\"><span class=\"sc_button_text\"><span class=\"sc_button_title\">Saiba mais<span class=\"trx_addons_icon-arrow\"><\/span><\/span><\/span><!-- \/.sc_button_text --><\/a><!-- \/.sc_button --><\/div><!-- \/.sc_item_button -->[vc_empty_space height=&#8221;2em&#8221; alter_height=&#8221;none&#8221; hide_on_mobile=&#8221;&#8221;][\/vc_column][vc_column width=&#8221;1\/5&#8243;][vc_icon icon_fontawesome=&#8221;fas fa-briefcase&#8221; color=&#8221;custom&#8221; size=&#8221;lg&#8221; custom_color=&#8221;#3e6198&#8243;][vc_custom_heading text=&#8221;Preven\u00e7\u00e3o de passivo trabalhista&#8221; font_container=&#8221;tag:h4|text_align:left&#8221; use_theme_fonts=&#8221;yes&#8221;][vc_column_text]Consultoria e implementa\u00e7\u00e3o de pr\u00e1ticas para minimizar riscos e evitar futuros passivos trabalhistas.[\/vc_column_text][vc_empty_space height=&#8221;2em&#8221; alter_height=&#8221;none&#8221; hide_on_mobile=&#8221;&#8221;]<div class=\"sc_item_button sc_button_wrap sc_align_left\"><a href=\"https:\/\/esadvocacia.com\/site\/services\/prevencao-de-passivo-trabalhista\/\" id=\"sc_button_1027088899\" class=\"sc_button color_style_default sc_button_simple sc_button_size_small sc_button_icon_left\"><span class=\"sc_button_text\"><span class=\"sc_button_title\">Saiba mais<span class=\"trx_addons_icon-arrow\"><\/span><\/span><\/span><!-- \/.sc_button_text --><\/a><!-- \/.sc_button --><\/div><!-- \/.sc_item_button -->[vc_empty_space height=&#8221;2em&#8221; alter_height=&#8221;none&#8221; hide_on_mobile=&#8221;&#8221;][\/vc_column][vc_column width=&#8221;1\/5&#8243;][vc_icon icon_fontawesome=&#8221;fas fa-file-signature&#8221; color=&#8221;custom&#8221; size=&#8221;lg&#8221; custom_color=&#8221;#3e6198&#8243;][vc_custom_heading text=&#8221;Orienta\u00e7\u00e3o em mat\u00e9ria contratual&#8221; font_container=&#8221;tag:h4|text_align:left&#8221; use_theme_fonts=&#8221;yes&#8221;][vc_column_text]Elabora\u00e7\u00e3o e revis\u00e3o de contratos para garantir seguran\u00e7a jur\u00eddica \u00e0s suas negocia\u00e7\u00f5es e opera\u00e7\u00f5es.[\/vc_column_text][vc_empty_space height=&#8221;2em&#8221; alter_height=&#8221;none&#8221; hide_on_mobile=&#8221;&#8221;]<div class=\"sc_item_button sc_button_wrap sc_align_left\"><a href=\"https:\/\/esadvocacia.com\/site\/services\/orientacao-em-materia-contratual\/\" id=\"sc_button_1196666512\" class=\"sc_button color_style_default sc_button_simple sc_button_size_small sc_button_icon_left\"><span class=\"sc_button_text\"><span class=\"sc_button_title\">Saiba mais<span class=\"trx_addons_icon-arrow\"><\/span><\/span><\/span><!-- \/.sc_button_text --><\/a><!-- \/.sc_button --><\/div><!-- \/.sc_item_button -->[vc_empty_space height=&#8221;2em&#8221; alter_height=&#8221;none&#8221; hide_on_mobile=&#8221;&#8221;][\/vc_column][\/vc_row][vc_row][vc_column][vc_empty_space hide_on_mobile=&#8221;&#8221;][\/vc_column][\/vc_row][vc_row full_width=&#8221;stretch_row_content_no_spaces&#8221; full_height=&#8221;yes&#8221; equal_height=&#8221;yes&#8221; scheme=&#8221;dark&#8221; css=&#8221;.vc_custom_1760100059066{margin-right: 0px !important;margin-bottom: -30px !important;margin-left: 0px !important;padding-top: 0px !important;padding-bottom: 0px !important;background-image: url(https:\/\/esadvocacia.com\/site\/wp-content\/uploads\/2025\/09\/1.jpg?id=1725) !important;background-position: center !important;background-repeat: no-repeat !important;background-size: cover !important;}&#8221;][vc_column][vc_empty_space height=&#8221;6.6em&#8221; alter_height=&#8221;none&#8221; hide_on_mobile=&#8221;&#8221;]<div id=\"sc_title_1284916762\"\n\t\tclass=\"sc_title color_style_default sc_title_default  vc_custom_1758557202788\"><h3 class=\"sc_item_title sc_title_title sc_align_center sc_item_title_style_default\">Fale com a ES Advocacia e leve seguran\u00e7a jur\u00eddica e estrat\u00e9gia ao seu neg\u00f3cio!<\/h3><\/div><!-- \/.sc_title -->[vc_empty_space height=&#8221;2.8em&#8221; alter_height=&#8221;none&#8221; hide_on_mobile=&#8221;&#8221;]<div class=\"sc_item_button sc_button_wrap sc_align_center\"><a href=\"https:\/\/wa.me\/5511988480665\" id=\"sc_button_1900901721\" class=\"sc_button color_style_default sc_button_default sc_button_size_normal sc_button_icon_left\"><span class=\"sc_button_text\"><span class=\"sc_button_title\">Fale agora conosco<span class=\"trx_addons_icon-arrow\"><\/span><\/span><\/span><!-- \/.sc_button_text --><\/a><!-- \/.sc_button --><\/div><!-- \/.sc_item_button -->[vc_empty_space height=&#8221;6em&#8221; hide_on_mobile=&#8221;&#8221;][\/vc_column][\/vc_row]<\/p>\n","protected":false},"excerpt":{"rendered":"<p>[vc_row content_placement=&#8221;top&#8221; css=&#8221;.vc_custom_1758559134527{padding-top: 0px !important;padding-bottom: 0px !important;}&#8221;][vc_column][\/vc_column][\/vc_row][vc_row equal_height=&#8221;yes&#8221; content_placement=&#8221;top&#8221;][vc_column width=&#8221;1\/5&#8243;][vc_icon icon_fontawesome=&#8221;fas fa-coins&#8221; color=&#8221;custom&#8221; size=&#8221;lg&#8221; custom_color=&#8221;#3e6198&#8243;][vc_custom_heading text=&#8221;Recupere Tributos Pagos Indevidamente&#8221; font_container=&#8221;tag:h4|text_align:left&#8221; use_theme_fonts=&#8221;yes&#8221;][vc_column_text]An\u00e1lise especializada dos tributos pagos pela sua empresa nos \u00faltimos 5 anos para identificar pagamentos indevidos e recuperar valores[\/vc_column_text][vc_empty_space height=&#8221;2em&#8221; alter_height=&#8221;none&#8221; hide_on_mobile=&#8221;&#8221;][vc_empty_space height=&#8221;2em&#8221; alter_height=&#8221;none&#8221; hide_on_mobile=&#8221;&#8221;][vc_empty_space height=&#8221;20px&#8221; hide_on_mobile=&#8221;&#8221;][\/vc_column][vc_column width=&#8221;1\/5&#8243;][vc_icon icon_fontawesome=&#8221;fas fa-chart-line&#8221; color=&#8221;custom&#8221; size=&#8221;lg&#8221; custom_color=&#8221;#3e6198&#8243;][vc_custom_heading text=&#8221;Planejamento tribut\u00e1rio&#8221; font_container=&#8221;tag:h4|text_align:left&#8221; use_theme_fonts=&#8221;yes&#8221;][vc_column_text]Estrat\u00e9gias inteligentes para reduzir&hellip;<\/p>\n","protected":false},"author":2,"featured_media":0,"parent":0,"menu_order":0,"comment_status":"closed","ping_status":"closed","template":"","meta":{"footnotes":""},"class_list":["post-1717","page","type-page","status-publish","hentry"],"_links":{"self":[{"href":"https:\/\/esadvocacia.com\/site\/wp-json\/wp\/v2\/pages\/1717","targetHints":{"allow":["GET"]}}],"collection":[{"href":"https:\/\/esadvocacia.com\/site\/wp-json\/wp\/v2\/pages"}],"about":[{"href":"https:\/\/esadvocacia.com\/site\/wp-json\/wp\/v2\/types\/page"}],"author":[{"embeddable":true,"href":"https:\/\/esadvocacia.com\/site\/wp-json\/wp\/v2\/users\/2"}],"replies":[{"embeddable":true,"href":"https:\/\/esadvocacia.com\/site\/wp-json\/wp\/v2\/comments?post=1717"}],"version-history":[{"count":17,"href":"https:\/\/esadvocacia.com\/site\/wp-json\/wp\/v2\/pages\/1717\/revisions"}],"predecessor-version":[{"id":1788,"href":"https:\/\/esadvocacia.com\/site\/wp-json\/wp\/v2\/pages\/1717\/revisions\/1788"}],"wp:attachment":[{"href":"https:\/\/esadvocacia.com\/site\/wp-json\/wp\/v2\/media?parent=1717"}],"curies":[{"name":"wp","href":"https:\/\/api.w.org\/{rel}","templated":true}]}}